{"id":3522,"date":"2022-04-27T14:25:17","date_gmt":"2022-04-27T14:25:17","guid":{"rendered":"https:\/\/besthospitalturkey.com\/communication\/"},"modified":"2026-03-31T22:04:27","modified_gmt":"2026-03-31T22:04:27","slug":"communication","status":"publish","type":"page","link":"https:\/\/besthospitalturkey.com\/fr\/communication\/","title":{"rendered":"Communication"},"content":{"rendered":"<div class=\"wpb-content-wrapper\"><p>[vc_row wrap_container=\u00a0\u00bbyes\u00a0\u00bb el_class=\u00a0\u00bbm-t-xlg p-t-lg m-b-lg\u00a0\u00bb][vc_column width=\u00a0\u00bb1\/2&Prime; offset=\u00a0\u00bbvc_col-md-4&Prime;]<div class=\"porto-sicon-box  vc_custom_1771012452532 custom-icon-box icon-1  wpb_custom_2c45c290dc891d95e14bf32183af0a66 style_1 top-icon\" data-appear-animation=\"fadeIn\"><div class=\"porto-sicon-top\"><div class=\"porto-just-icon-wrapper porto-icon circle\" style=\"background:#ffffff;font-size:90px;margin-bottom:34px;\"><i class=\"fas fa-heart\"><\/i><\/div><\/div><div class=\"porto-sicon-header\"><h3 class=\"porto-sicon-title\" style=\"margin-bottom:16px;\">Transport Facile<\/h3><p>Nous assurons les transferts a\u00e9roport et le transport des patients internationaux. Le trajet jusqu&#039;\u00e0 notre clinique est organis\u00e9 par notre \u00e9quipe de coordination des patients.<\/p><\/div> <!-- header --><\/div><!-- porto-sicon-box -->[\/vc_column][vc_column width=\u00a0\u00bb1\/2&Prime; offset=\u00a0\u00bbvc_col-md-4&Prime;]<div class=\"porto-sicon-box  vc_custom_1771012501900 custom-icon-box icon-2  wpb_custom_2c45c290dc891d95e14bf32183af0a66 style_1 top-icon\" data-appear-animation=\"fadeIn\"><div class=\"porto-sicon-top\"><div class=\"porto-just-icon-wrapper porto-icon circle\" style=\"background:#ffffff;font-size:90px;margin-bottom:34px;\"><i class=\"fas fa-heart\"><\/i><\/div><\/div><div class=\"porto-sicon-header\"><h3 class=\"porto-sicon-title\" style=\"margin-bottom:16px;\">Service de Bout en Bout<\/h3><p>La planification des traitements, l&#039;h\u00e9bergement, les transferts et le suivi sont g\u00e9r\u00e9s depuis un seul centre, offrant ainsi \u00e0 nos patients une exp\u00e9rience confortable.<\/p><\/div> <!-- header --><\/div><!-- porto-sicon-box -->[\/vc_column][vc_column width=\u00a0\u00bb1\/2&Prime; offset=\u00a0\u00bbvc_col-md-4&Prime;]<div class=\"porto-sicon-box  vc_custom_1771012536694 custom-icon-box icon-3  wpb_custom_2c45c290dc891d95e14bf32183af0a66 style_1 top-icon\" data-appear-animation=\"fadeIn\"><div class=\"porto-sicon-top\"><div class=\"porto-just-icon-wrapper porto-icon circle\" style=\"background:#ffffff;font-size:90px;margin-bottom:34px;\"><i class=\"fas fa-heart\"><\/i><\/div><\/div><div class=\"porto-sicon-header\"><h3 class=\"porto-sicon-title\" style=\"margin-bottom:16px;\">Exp\u00e9rience des Patients Internationaux<\/h3><p>Nous offrons un environnement de traitement s\u00fbr \u00e0 nos patients de diff\u00e9rents pays gr\u00e2ce \u00e0 une communication multilingue et une gestion personnalis\u00e9e du processus de traitement.<\/p><\/div> <!-- header --><\/div><!-- porto-sicon-box -->[\/vc_column][\/vc_row][vc_row wrap_container=\u00a0\u00bbyes\u00a0\u00bb][vc_column][vc_separator color=\u00a0\u00bbcustom\u00a0\u00bb style=\u00a0\u00bbsolid\u00a0\u00bb accent_color=\u00a0\u00bbrgba(0,0,0,0.06)\u00a0\u00bb][\/vc_column][\/vc_row][vc_row wrap_container=\u00a0\u00bbyes\u00a0\u00bb el_class=\u00a0\u00bbmt-5 mb-5 pb-2&Prime;][vc_column width=\u00a0\u00bb1\/2&Prime;]<div class=\"porto-sicon-box mb-2 ml-md-4 custom-info-box  wpb_custom_03d9e374d2067e9cd2380d9984ba7675 style_1 default-icon\"><div class=\"porto-sicon-default\"><div class=\"porto-just-icon-wrapper porto-icon none\" style=\"color:#00abc4;font-size:21px;margin-right:10px;\"><i class=\"porto-icon-map-location\"><\/i><\/div><\/div><div class=\"porto-sicon-header\"><h3 class=\"porto-sicon-title\" style=\"\">\u0130stanbul \/ T\u00fcrkiye<\/h3><\/div> <!-- header --><\/div><!-- porto-sicon-box --><div class=\"porto-sicon-box  vc_custom_1774965020530 mb-0 ml-md-4 custom-info-box  wpb_custom_03d9e374d2067e9cd2380d9984ba7675 style_1 default-icon\"><div class=\"porto-sicon-default\"><div class=\"porto-just-icon-wrapper porto-icon none\" style=\"color:#00abc4;font-size:21px;margin-right:14px;\"><i class=\"Simple-Line-Icons-envelope\"><\/i><\/div><\/div><div class=\"porto-sicon-header\"><a class=\"porto-sicon-box-link\" href=\"mailto:info@besthospitalturkey.com\"><h3 class=\"porto-sicon-title\" style=\"\">info@besthospitalturkey.com<\/h3><\/a><\/div> <!-- header --><\/div><!-- porto-sicon-box -->[\/vc_column][vc_column width=\u00a0\u00bb1\/2&Prime;]<div class=\"porto-sicon-box mb-2 ml-md-4  wpb_custom_b4c332c3e53dd8333d7f369951d0b807 style_1 default-icon\"><div class=\"porto-sicon-default\"><div class=\"porto-just-icon-wrapper porto-icon none\" style=\"color:#00abc4;font-size:17px;margin-right:11px;\"><i class=\"porto-icon-clock-1\"><\/i><\/div><\/div><div class=\"porto-sicon-header\"><h3 class=\"porto-sicon-title\" style=\"\">Du lundi au dimanche : 9h00 \u2013 18h00<\/h3><\/div> <!-- header --><\/div><!-- porto-sicon-box --><div class=\"porto-sicon-box mb-4 pb-1 ml-md-4  wpb_custom_b4c332c3e53dd8333d7f369951d0b807 style_1 default-icon\"><div class=\"porto-sicon-default\"><div class=\"porto-just-icon-wrapper porto-icon none\" style=\"color:#00abc4;font-size:17px;margin-right:14px;\"><i class=\"Simple-Line-Icons-phone\"><\/i><\/div><\/div><div class=\"porto-sicon-header\"><a class=\"porto-sicon-box-link\" href=\"tel:123-456-7890\"><h3 class=\"porto-sicon-title\" style=\"\">+90 545 322 59 58<\/h3><\/a><\/div> <!-- header --><\/div><!-- porto-sicon-box -->[\/vc_column][\/vc_row][vc_row wrap_container=\u00a0\u00bbyes\u00a0\u00bb css=\u00a0\u00bb.vc_custom_1651598046315{background-color: #f5f6fb !important;}\u00a0\u00bb el_class=\u00a0\u00bbp-t-xxl p-b-xxl\u00a0\u00bb][vc_column el_class=\u00a0\u00bbm-t-md pt-3&Prime; css=\u00a0\u00bb.vc_custom_1651598058604{margin-bottom: 7px !important;}\u00a0\u00bb][vc_custom_heading text=\u00a0\u00bbENTREVUE PR\u00c9LIMINAIRE EN LIGNE\u00a0\u00bb font_container=\u00a0\u00bbtag:h2|font_size:16.8px|text_align:center|color:var(&#8211;porto-primary-color)\u00a0\u00bb use_theme_fonts=\u00a0\u00bbyes\u00a0\u00bb font_weight=\u00a0\u00bb600&Prime; letter_spacing=\u00a0\u00bb2.5px\u00a0\u00bb animation_delay=\u00a0\u00bb100&Prime; css=\u00a0\u00bb.vc_custom_1771012740887{margin-bottom: 1px !important;}\u00a0\u00bb animation_type=\u00a0\u00bbfadeInUp\u00a0\u00bb css_params=\u00a0\u00bb\u00a0\u00bb]<div class=\"porto-u-heading  wpb_custom_807868fdb97bf4e2bd12e9fa5b46f55d porto-u-55ca8359258f9a412be7e73af65d2aac \" data-appear-animation=\"fadeInUp\" data-appear-animation-delay=\"400\" data-appear-animation-duration=\"1500\"><div class=\"porto-u-main-heading\"><h2   style=\"margin-bottom: 24px;\">Demandez une \u00e9valuation pr\u00e9liminaire gratuite<\/h2><\/div><div class=\"porto-u-sub-heading\" style=\"margin-bottom:28px;\">\n<p style=\"text-align: justify;\">Pour les rhinoplasties, les interventions d&rsquo;esth\u00e9tique dentaire et les greffes de cheveux, une \u00e9valuation pr\u00e9liminaire est r\u00e9alis\u00e9e \u00e0 partir de vos photos et d&rsquo;une br\u00e8ve description. Notre \u00e9quipe d&rsquo;experts vous fournira dans les meilleurs d\u00e9lais le plan de traitement le plus adapt\u00e9 et les d\u00e9tails du processus.<\/p>\n<p><\/div><style>.porto-u-55ca8359258f9a412be7e73af65d2aac.porto-u-heading{text-align:center}<\/style><\/div><div class=\"wpb_custom_3f3cda96f09690948afa83625fa6befc custom-home-contact\" data-appear-animation=\"fadeInUp\" data-appear-animation-delay=\"500\">\n<div class=\"wpcf7 no-js\" id=\"wpcf7-f1308-o1\" lang=\"tr-TR\" dir=\"ltr\" data-wpcf7-id=\"1308\">\n<div class=\"screen-reader-response\"><p role=\"status\" aria-live=\"polite\" aria-atomic=\"true\"><\/p> <ul><\/ul><\/div>\n<form action=\"\/fr\/wp-json\/wp\/v2\/pages\/3522#wpcf7-f1308-o1\" method=\"post\" class=\"wpcf7-form init\" aria-label=\"\u0130leti\u015fim Formu\" novalidate=\"novalidate\" data-status=\"init\">\n<fieldset class=\"hidden-fields-container\"><input type=\"hidden\" name=\"_wpcf7\" value=\"1308\" \/><input type=\"hidden\" name=\"_wpcf7_version\" value=\"6.1.5\" \/><input type=\"hidden\" name=\"_wpcf7_locale\" value=\"tr_TR\" \/><input type=\"hidden\" name=\"_wpcf7_unit_tag\" value=\"wpcf7-f1308-o1\" \/><input type=\"hidden\" name=\"_wpcf7_container_post\" value=\"0\" \/><input type=\"hidden\" name=\"_wpcf7_posted_data_hash\" value=\"\" \/>\n<\/fieldset>\n<div class=\"form-row row\">\n<div class=\"form-group col-lg-6 mb-4\"><span class=\"wpcf7-form-control-wrap\" data-name=\"username\"><input size=\"40\" maxlength=\"400\" class=\"wpcf7-form-control wpcf7-text wpcf7-validates-as-required form-control\" aria-required=\"true\" aria-invalid=\"false\" placeholder=\"Ad\u0131 Soyad\u0131\" value=\"\" type=\"text\" name=\"username\" \/><\/span><\/div>\n<div class=\"form-group col-lg-6 mb-4\"><span class=\"wpcf7-form-control-wrap\" data-name=\"phonenumber\"><input size=\"40\" maxlength=\"400\" class=\"wpcf7-form-control wpcf7-text wpcf7-validates-as-required form-control\" aria-required=\"true\" aria-invalid=\"false\" placeholder=\"Telefon\" value=\"\" type=\"text\" name=\"phonenumber\" \/><\/span><\/div>\n<\/div>\n<div class=\"form-row\">\n<div class=\"form-group col-lg-6 mb-4\"><span class=\"wpcf7-form-control-wrap\" data-name=\"your-email\"><input size=\"40\" maxlength=\"400\" class=\"wpcf7-form-control wpcf7-email wpcf7-validates-as-required wpcf7-text wpcf7-validates-as-email form-control\" aria-required=\"true\" aria-invalid=\"false\" placeholder=\"E-posta Adresi\" value=\"\" type=\"email\" name=\"your-email\" \/><\/span><\/div>\n<div class=\"form-group col-lg-6 mb-4\"><span class=\"wpcf7-form-control-wrap\" data-name=\"subject\"><input size=\"40\" maxlength=\"400\" class=\"wpcf7-form-control wpcf7-text wpcf7-validates-as-required form-control\" aria-required=\"true\" aria-invalid=\"false\" placeholder=\"Talep Edilen Hizmet\" value=\"\" type=\"text\" name=\"subject\" \/><\/span><\/div>\n<\/div>\n<div class=\"form-row\">\n<div class=\"form-group col mb-4\"><span class=\"wpcf7-form-control-wrap\" data-name=\"message\"><textarea cols=\"40\" rows=\"10\" maxlength=\"2000\" class=\"wpcf7-form-control wpcf7-textarea wpcf7-validates-as-required form-control\" aria-required=\"true\" aria-invalid=\"false\" placeholder=\"Mesaj\" name=\"message\"><\/textarea><\/span><\/div>\n<\/div>\n<div class=\"form-row text-right\">\n<div class=\"form-group col mb-0\"><input class=\"wpcf7-form-control wpcf7-submit has-spinner btn btn-secondary font-weight-semibold font-size-lg\" type=\"submit\" value=\"G\u00f6nder\" \/><\/div>\n<\/div><div class=\"wpcf7-response-output\" aria-hidden=\"true\"><\/div>\n<\/form>\n<\/div>\n<\/div>[\/vc_column][\/vc_row]<\/p>\n<\/div>","protected":false},"excerpt":{"rendered":"<p>[vc_row wrap_container=\u00a0\u00bbyes\u00a0\u00bb el_class=\u00a0\u00bbm-t-xlg p-t-lg m-b-lg\u00a0\u00bb][vc_column width=\u00a0\u00bb1\/2&Prime; offset=\u00a0\u00bbvc_col-md-4&Prime;][\/vc_column][vc_column width=\u00a0\u00bb1\/2&Prime; offset=\u00a0\u00bbvc_col-md-4&Prime;][\/vc_column][vc_column width=\u00a0\u00bb1\/2&Prime; offset=\u00a0\u00bbvc_col-md-4&Prime;][\/vc_column][\/vc_row][vc_row wrap_container=\u00a0\u00bbyes\u00a0\u00bb][vc_column][vc_separator color=\u00a0\u00bbcustom\u00a0\u00bb style=\u00a0\u00bbsolid\u00a0\u00bb accent_color=\u00a0\u00bbrgba(0,0,0,0.06)\u00a0\u00bb][\/vc_column][\/vc_row][vc_row wrap_container=\u00a0\u00bbyes\u00a0\u00bb el_class=\u00a0\u00bbmt-5 mb-5 pb-2&Prime;][vc_column width=\u00a0\u00bb1\/2&Prime;][\/vc_column][vc_column width=\u00a0\u00bb1\/2&Prime;][\/vc_column][\/vc_row][vc_row wrap_container=\u00a0\u00bbyes\u00a0\u00bb css=\u00a0\u00bb.vc_custom_1651598046315{background-color: #f5f6fb !important;}\u00a0\u00bb el_class=\u00a0\u00bbp-t-xxl p-b-xxl\u00a0\u00bb][vc_column el_class=\u00a0\u00bbm-t-md pt-3&Prime; css=\u00a0\u00bb.vc_custom_1651598058604{margin-bottom: 7px !important;}\u00a0\u00bb][vc_custom_heading text=\u00a0\u00bbENTREVUE PR\u00c9LIMINAIRE EN LIGNE\u00a0\u00bb font_container=\u00a0\u00bbtag:h2|font_size:16.8px|text_align:center|color:var(&#8211;porto-primary-color)\u00a0\u00bb use_theme_fonts=\u00a0\u00bbyes\u00a0\u00bb font_weight=\u00a0\u00bb600&Prime; letter_spacing=\u00a0\u00bb2.5px\u00a0\u00bb animation_delay=\u00a0\u00bb100&Prime; css=\u00a0\u00bb.vc_custom_1771012740887{margin-bottom: 1px !important;}\u00a0\u00bb animation_type=\u00a0\u00bbfadeInUp\u00a0\u00bb css_params=\u00a0\u00bb\u00a0\u00bb][\/vc_column][\/vc_row]<\/p>\n","protected":false},"author":1,"featured_media":0,"parent":0,"menu_order":0,"comment_status":"closed","ping_status":"closed","template":"","meta":{"_acf_changed":false,"_joinchat":[],"footnotes":""},"class_list":["post-3522","page","type-page","status-publish","hentry"],"acf":[],"_links":{"self":[{"href":"https:\/\/besthospitalturkey.com\/fr\/wp-json\/wp\/v2\/pages\/3522","targetHints":{"allow":["GET"]}}],"collection":[{"href":"https:\/\/besthospitalturkey.com\/fr\/wp-json\/wp\/v2\/pages"}],"about":[{"href":"https:\/\/besthospitalturkey.com\/fr\/wp-json\/wp\/v2\/types\/page"}],"author":[{"embeddable":true,"href":"https:\/\/besthospitalturkey.com\/fr\/wp-json\/wp\/v2\/users\/1"}],"replies":[{"embeddable":true,"href":"https:\/\/besthospitalturkey.com\/fr\/wp-json\/wp\/v2\/comments?post=3522"}],"version-history":[{"count":2,"href":"https:\/\/besthospitalturkey.com\/fr\/wp-json\/wp\/v2\/pages\/3522\/revisions"}],"predecessor-version":[{"id":3524,"href":"https:\/\/besthospitalturkey.com\/fr\/wp-json\/wp\/v2\/pages\/3522\/revisions\/3524"}],"wp:attachment":[{"href":"https:\/\/besthospitalturkey.com\/fr\/wp-json\/wp\/v2\/media?parent=3522"}],"curies":[{"name":"wp","href":"https:\/\/api.w.org\/{rel}","templated":true}]}}