{"id":3514,"date":"2022-04-27T13:36:56","date_gmt":"2022-04-27T13:36:56","guid":{"rendered":"https:\/\/besthospitalturkey.com\/a-propos-de-nous\/"},"modified":"2026-03-31T22:00:08","modified_gmt":"2026-03-31T22:00:08","slug":"a-propos-de-nous","status":"publish","type":"page","link":"https:\/\/besthospitalturkey.com\/fr\/a-propos-de-nous\/","title":{"rendered":"\u00c0 Propos de Nous"},"content":{"rendered":"<div class=\"wpb-content-wrapper\"><p>[vc_row wrap_container=\u00a0\u00bbyes\u00a0\u00bb content_placement=\u00a0\u00bbmiddle\u00a0\u00bb el_class=\u00a0\u00bbm-t-sm p-t-xs mb-1&Prime;][vc_column el_class=\u00a0\u00bbm-t-md mb-1 p-b-xs\u00a0\u00bb offset=\u00a0\u00bbvc_col-md-6&Prime;][vc_raw_html el_class=\u00a0\u00bbmb-0&Prime;]PHN2ZyBoZWlnaHQ9IjAiIHdpZHRoPSIwIj48ZGVmcz48Y2xpcHBhdGggaWQ9InN2Z1BhdGgiPjxwYXRoIGQ9Ik0xNDMuMywzOTEuNUM2NC43NCwzMjAuMjktMTEuNTQsMjEyLjQzLDEuNDYsMTA5LjkxLDYuODEsNjcuNzIsMzUsMjMuMzEsNzcuNTEsMTEuNTdjNDUuOC0xMi42NSw4MS41Niw5Ljg3LDEyNy44OCwxMCw1MSwuMTEsOTkuMjMtMzQsMTUyLjQ5LTE2LjY1QzQ1OC42MSwzNy43MSw0MTIuMjEsMTcwLjE5LDM3MiwyMjhjLTEwLjYzLDE1LjMtNDQuNzYsNjMuMS00OC4yOSw0MC40NC05LjIzLTU5LjI0LTI2LjY4LTY3LjYxLTU3LjUyLTc1LjIzLTMyLjY4LTguMDctODAuMjQsOC42MS05Mi40LDM5LjI1LTI2LjQ3LDY2Ljc2LDMxLDEzNy44OSw2NC41NywxOTEuMTkuODksMS40MiwzOC44LDQ4LjcyLDMxLDUwLjg2LTIxLjEyLDUuNzctNjkuMDYtMzcuMzYtODQuNjctNDguOTVDMTcxLjE0LDQxNS41MiwxNTcuMTgsNDA0LjA4LDE0My4zLDM5MS41WiIgc3R5bGU9ImZpbGw6IzAwMCI+PC9wYXRoPjwvY2xpcHBhdGg+PC9kZWZzPjwvc3ZnPg==[\/vc_raw_html][vc_single_image image=\u00a0\u00bb3513&Prime; img_size=\u00a0\u00bbfull\u00a0\u00bb alignment=\u00a0\u00bbcenter\u00a0\u00bb css=\u00a0\u00bb\u00a0\u00bb el_class=\u00a0\u00bbimg-tooth\u00a0\u00bb css_params=\u00a0\u00bb\u00a0\u00bb][\/vc_column][vc_column css=\u00a0\u00bb.vc_custom_1651639959916{padding-top: 2px !important;}\u00a0\u00bb offset=\u00a0\u00bbvc_col-md-6&Prime; el_class=\u00a0\u00bbpl-lg-5 pb-lg-0 pb-2&Prime;]<div class=\"porto-u-heading  wpb_custom_807868fdb97bf4e2bd12e9fa5b46f55d porto-u-ad87e2eaf3f9c495180fe0156ddf3eb0 \" data-appear-animation=\"fadeIn\" data-appear-animation-delay=\"250\"><div class=\"porto-u-main-heading\"><h2   style=\"margin-bottom: 24px;\">CENTRE INTERNATIONAL D&#039;ESTH\u00c9TIQUE<\/h2><\/div><div class=\"porto-u-sub-heading\" style=\"margin-bottom:23px;\">\n<p style=\"text-align: justify;\">Nous proposons des services de rhinoplastie, d&rsquo;esth\u00e9tique dentaire et de greffe de cheveux utilisant une technologie de pointe et des syst\u00e8mes d&rsquo;analyse personnalis\u00e9s. La prise en charge des patients internationaux est assur\u00e9e de bout en bout, depuis l&rsquo;\u00e9valuation initiale jusqu&rsquo;\u00e0 l&rsquo;h\u00e9bergement et le suivi. Notre objectif est d&rsquo;offrir des r\u00e9sultats esth\u00e9tiques naturels et durables dans un environnement clinique s\u00e9curis\u00e9.<\/p>\n<p><\/div><style>.porto-u-ad87e2eaf3f9c495180fe0156ddf3eb0.porto-u-heading{text-align:left}<\/style><\/div><div class=\"porto-animation d-inline-block align-middle\"  data-appear-animation=\"fadeIn\" data-appear-animation-delay=\"500\"><div class=\"stats-block stats-top   wpb_custom_793adb89458216b24fdf98b665514b26  vc_custom_1771592854156\"><div class=\"stats-desc\"><div id=\"counter_117007807669d4c5309b62a\" data-id=\"counter_117007807669d4c5309b62a\" class=\"stats-number\" style=\" color:#3e3e3e;\" data-speed=\"3\" data-counter-value=\"10000\" data-separator=\"none\" data-decimal=\".\">0<\/div><div class=\"counter_suffix mycust\" style=\" color:#3e3e3e\">+<\/div><div class=\"stats-text\" style=\"color:#3e3e3e;\">Exp\u00e9rience des Patients Internationaux<\/div><\/div><\/div><\/div>[vc_custom_heading text=\u00a0\u00bbNous accueillons des patients de diff\u00e9rents pays avec un taux de satisfaction \u00e9lev\u00e9.\u00a0\u00bb font_container=\u00a0\u00bbtag:p|font_size:14px|text_align:left\u00a0\u00bb use_theme_fonts=\u00a0\u00bbyes\u00a0\u00bb font_weight=\u00a0\u00bb400&Prime; animation_delay=\u00a0\u00bb500&Prime; el_class=\u00a0\u00bbd-inline-block w-max-287 align-middle m-b-lg\u00a0\u00bb animation_type=\u00a0\u00bbfadeIn\u00a0\u00bb css_params=\u00a0\u00bb\u00a0\u00bb][\/vc_column][\/vc_row][vc_row wrap_container=\u00a0\u00bbyes\u00a0\u00bb][vc_column]<div class=\"porto-u-heading mb-3 p-b-md  wpb_custom_5f66a74b190d5ac5d1f07247c2f493eb porto-u-ad87e2eaf3f9c495180fe0156ddf3eb0 \"><div class=\"porto-u-main-heading\"><h5   style=\"color:#777777;margin-bottom: 20px;\">Confiance, Technologie et Naturel<\/h5><\/div><div class=\"porto-u-sub-heading\" style=\"\">\n<p style=\"text-align: justify;\" data-start=\"286\" data-end=\"571\">Notre clinique est un centre esth\u00e9tique international qui allie technologie de pointe et approche personnalis\u00e9e dans les domaines de la rhinoplastie, de l&rsquo;esth\u00e9tique dentaire et de la transplantation capillaire. Chaque plan de traitement est \u00e9labor\u00e9 apr\u00e8s une analyse d\u00e9taill\u00e9e des traits du visage du patient, de ses attentes et de son \u00e9tat de sant\u00e9.<\/p>\n<p style=\"text-align: justify;\" data-start=\"573\" data-end=\"810\">Notre infrastructure clinique moderne, nos zones de traitement st\u00e9riles et nos syst\u00e8mes d&rsquo;analyse num\u00e9rique nous permettent d&rsquo;offrir un processus s\u00fbr et contr\u00f4l\u00e9. Notre \u00e9quipe internationale de coordination des patients g\u00e8re m\u00e9ticuleusement les voyages, l&rsquo;h\u00e9bergement et le suivi m\u00e9dical.<\/p>\n<p style=\"text-align: justify;\" data-start=\"812\" data-end=\"986\">Notre objectif n&rsquo;est pas seulement une transformation esth\u00e9tique, mais d&rsquo;obtenir des r\u00e9sultats naturels, \u00e9quilibr\u00e9s et durables. La satisfaction et la confiance des patients sont au c\u0153ur de tous nos processus.<\/p>\n<p><\/div><style>.porto-u-ad87e2eaf3f9c495180fe0156ddf3eb0.porto-u-heading{text-align:left}<\/style><\/div><div class=\"porto-gallery has-ccols ccols-1 has-ccols-spacing ccols-sm-2 ccols-md-3 ccols-lg-4 wpb_custom_0cd1f54877e50b1d688accb9c105d819 porto-gallery-grid align-items-start\"><figure><img loading=\"lazy\" decoding=\"async\" width=\"725\" height=\"465\" src=\"https:\/\/besthospitalturkey.com\/wp-content\/uploads\/2026\/02\/hakkimizda-1.png\" class=\"attachment-full size-full\" alt=\"Burun esteti\u011fi\" srcset=\"https:\/\/besthospitalturkey.com\/wp-content\/uploads\/2026\/02\/hakkimizda-1.png 725w, https:\/\/besthospitalturkey.com\/wp-content\/uploads\/2026\/02\/hakkimizda-1-640x410.png 640w, https:\/\/besthospitalturkey.com\/wp-content\/uploads\/2026\/02\/hakkimizda-1-400x257.png 400w\" sizes=\"auto, (max-width: 725px) 100vw, 725px\" \/><\/figure><figure><img loading=\"lazy\" decoding=\"async\" width=\"724\" height=\"450\" src=\"https:\/\/besthospitalturkey.com\/wp-content\/uploads\/2026\/02\/hakkimizda-2.png\" class=\"attachment-full size-full\" alt=\"Di\u015f esteti\u011fi\" srcset=\"https:\/\/besthospitalturkey.com\/wp-content\/uploads\/2026\/02\/hakkimizda-2.png 724w, https:\/\/besthospitalturkey.com\/wp-content\/uploads\/2026\/02\/hakkimizda-2-640x398.png 640w, https:\/\/besthospitalturkey.com\/wp-content\/uploads\/2026\/02\/hakkimizda-2-400x249.png 400w\" sizes=\"auto, (max-width: 724px) 100vw, 724px\" \/><\/figure><figure><img loading=\"lazy\" decoding=\"async\" width=\"718\" height=\"453\" src=\"https:\/\/besthospitalturkey.com\/wp-content\/uploads\/2026\/02\/hakkimizda-3.png\" class=\"attachment-full size-full\" alt=\"Burun esteti\u011fi\" srcset=\"https:\/\/besthospitalturkey.com\/wp-content\/uploads\/2026\/02\/hakkimizda-3.png 718w, https:\/\/besthospitalturkey.com\/wp-content\/uploads\/2026\/02\/hakkimizda-3-640x404.png 640w, https:\/\/besthospitalturkey.com\/wp-content\/uploads\/2026\/02\/hakkimizda-3-400x252.png 400w\" sizes=\"auto, (max-width: 718px) 100vw, 718px\" \/><\/figure><figure><img loading=\"lazy\" decoding=\"async\" width=\"721\" height=\"471\" src=\"https:\/\/besthospitalturkey.com\/wp-content\/uploads\/2026\/02\/hakkimizda-4.png\" class=\"attachment-full size-full\" alt=\"Sa\u00e7 ekimi\" srcset=\"https:\/\/besthospitalturkey.com\/wp-content\/uploads\/2026\/02\/hakkimizda-4.png 721w, https:\/\/besthospitalturkey.com\/wp-content\/uploads\/2026\/02\/hakkimizda-4-640x418.png 640w, https:\/\/besthospitalturkey.com\/wp-content\/uploads\/2026\/02\/hakkimizda-4-400x261.png 400w\" sizes=\"auto, (max-width: 721px) 100vw, 721px\" \/><\/figure><\/div>[vc_custom_heading text=\u00a0\u00bbPourquoi nous choisir ?<br \/>\u2713 Analyse num\u00e9rique 3D et planification personnalis\u00e9e<br \/>\u2713 \u00c9quipe internationale de coordination des patients<br \/>\u2713 Infrastructure clinique de pointe et zones de traitement st\u00e9riles<br \/>\u2713 Approche esth\u00e9tique naturelle et personnalis\u00e9e<\/p>\n<p>Nous fournissons des informations transparentes \u00e0 chaque \u00e9tape du processus de traitement et \u00e9valuons de mani\u00e8re r\u00e9aliste et claire les attentes de nos patients. Nous vous offrons une exp\u00e9rience s\u00e9curis\u00e9e gr\u00e2ce \u00e0 une communication continue avant, pendant et apr\u00e8s le processus.\u00a0\u00bb font_container=\u00a0\u00bbtag:p|text_align:left\u00a0\u00bb use_theme_fonts=\u00a0\u00bbyes\u00a0\u00bb font_weight=\u00a0\u00bb400&Prime; el_class=\u00a0\u00bbm-t-md pt-3 pb-5 m-b-xlg\u00a0\u00bb css=\u00a0\u00bb.vc_custom_1771597543885{border-bottom-width: 1px !important;border-bottom-style: solid !important;border-color: rgba(0,0,0,0.06) !important;}\u00a0\u00bb css_params=\u00a0\u00bb\u00a0\u00bb][vc_custom_heading text=\u00a0\u00bbMEILLEUR H\u00d4PITAL DE TURQUIE\u00a0\u00bb font_container=\u00a0\u00bbtag:h2|font_size:16.8px|text_align:center|color:var(&#8211;porto-primary-color)\u00a0\u00bb use_theme_fonts=\u00a0\u00bbyes\u00a0\u00bb font_weight=\u00a0\u00bb600&Prime; letter_spacing=\u00a0\u00bb2.5px\u00a0\u00bb animation_delay=\u00a0\u00bb100&Prime; css=\u00a0\u00bb.vc_custom_1771599793781{margin-bottom: 1px !important;}\u00a0\u00bb el_class=\u00a0\u00bbp-t-xs\u00a0\u00bb animation_type=\u00a0\u00bbfadeInUp\u00a0\u00bb css_params=\u00a0\u00bb\u00a0\u00bb]<div class=\"porto-u-heading  wpb_custom_807868fdb97bf4e2bd12e9fa5b46f55d porto-u-55ca8359258f9a412be7e73af65d2aac \" data-appear-animation=\"fadeInUp\" data-appear-animation-delay=\"400\" data-appear-animation-duration=\"1500\"><div class=\"porto-u-main-heading\"><h2   style=\"margin-bottom: 24px;\">Votre Parcours Technologique et Th\u00e9rapeutique<\/h2><\/div><div class=\"porto-u-sub-heading\" style=\"margin-bottom:28px;\">\n<p style=\"text-align: justify;\">Nous combinons les techniques esth\u00e9tiques modernes avec une technologie de pointe et un parcours patient soigneusement planifi\u00e9. Chaque \u00e9tape, de l&rsquo;\u00e9valuation initiale au bilan final, est transparente, mesurable et personnalis\u00e9e.<\/p>\n<p><\/div><style>.porto-u-55ca8359258f9a412be7e73af65d2aac.porto-u-heading{text-align:center}<\/style><\/div>[porto_tb_posts post_type=\u00a0\u00bbmember\u00a0\u00bb orderby=\u00a0\u00bbID\u00a0\u00bb order=\u00a0\u00bbASC\u00a0\u00bb view=\u00a0\u00bbslider\u00a0\u00bb spacing=\u00a0\u00bb40&Prime; columns=\u00a0\u00bb3&Prime; nav_pos2=\u00a0\u00bbnav-pos-outside\u00a0\u00bb builder_id=\u00a0\u00bb1101&Prime; el_class=\u00a0\u00bbcustom-nav-style mb-2 pb-1&Prime;][\/vc_column][\/vc_row]<\/p>\n<\/div>","protected":false},"excerpt":{"rendered":"<p>[vc_row wrap_container=\u00a0\u00bbyes\u00a0\u00bb content_placement=\u00a0\u00bbmiddle\u00a0\u00bb el_class=\u00a0\u00bbm-t-sm p-t-xs mb-1&Prime;][vc_column el_class=\u00a0\u00bbm-t-md mb-1 p-b-xs\u00a0\u00bb offset=\u00a0\u00bbvc_col-md-6&Prime;][vc_raw_html el_class=\u00a0\u00bbmb-0&Prime;]PHN2ZyBoZWlnaHQ9IjAiIHdpZHRoPSIwIj48ZGVmcz48Y2xpcHBhdGggaWQ9InN2Z1BhdGgiPjxwYXRoIGQ9Ik0xNDMuMywzOTEuNUM2NC43NCwzMjAuMjktMTEuNTQsMjEyLjQzLDEuNDYsMTA5LjkxLDYuODEsNjcuNzIsMzUsMjMuMzEsNzcuNTEsMTEuNTdjNDUuOC0xMi42NSw4MS41Niw5Ljg3LDEyNy44OCwxMCw1MSwuMTEsOTkuMjMtMzQsMTUyLjQ5LTE2LjY1QzQ1OC42MSwzNy43MSw0MTIuMjEsMTcwLjE5LDM3MiwyMjhjLTEwLjYzLDE1LjMtNDQuNzYsNjMuMS00OC4yOSw0MC40NC05LjIzLTU5LjI0LTI2LjY4LTY3LjYxLTU3LjUyLTc1LjIzLTMyLjY4LTguMDctODAuMjQsOC42MS05Mi40LDM5LjI1LTI2LjQ3LDY2Ljc2LDMxLDEzNy44OSw2NC41NywxOTEuMTkuODksMS40MiwzOC44LDQ4LjcyLDMxLDUwLjg2LTIxLjEyLDUuNzctNjkuMDYtMzcuMzYtODQuNjctNDguOTVDMTcxLjE0LDQxNS41MiwxNTcuMTgsNDA0LjA4LDE0My4zLDM5MS41WiIgc3R5bGU9ImZpbGw6IzAwMCI+PC9wYXRoPjwvY2xpcHBhdGg+PC9kZWZzPjwvc3ZnPg==[\/vc_raw_html][vc_single_image image=\u00a0\u00bb3513&Prime; img_size=\u00a0\u00bbfull\u00a0\u00bb alignment=\u00a0\u00bbcenter\u00a0\u00bb css=\u00a0\u00bb\u00a0\u00bb el_class=\u00a0\u00bbimg-tooth\u00a0\u00bb css_params=\u00a0\u00bb\u00a0\u00bb][\/vc_column][vc_column css=\u00a0\u00bb.vc_custom_1651639959916{padding-top: 2px !important;}\u00a0\u00bb offset=\u00a0\u00bbvc_col-md-6&Prime; el_class=\u00a0\u00bbpl-lg-5 pb-lg-0 pb-2&Prime;][vc_custom_heading text=\u00a0\u00bbNous accueillons des patients de diff\u00e9rents pays avec un taux de satisfaction \u00e9lev\u00e9.\u00a0\u00bb font_container=\u00a0\u00bbtag:p|font_size:14px|text_align:left\u00a0\u00bb use_theme_fonts=\u00a0\u00bbyes\u00a0\u00bb font_weight=\u00a0\u00bb400&Prime; animation_delay=\u00a0\u00bb500&Prime; el_class=\u00a0\u00bbd-inline-block w-max-287 align-middle m-b-lg\u00a0\u00bb animation_type=\u00a0\u00bbfadeIn\u00a0\u00bb css_params=\u00a0\u00bb\u00a0\u00bb][\/vc_column][\/vc_row][vc_row wrap_container=\u00a0\u00bbyes\u00a0\u00bb][vc_column][vc_custom_heading text=\u00a0\u00bbPourquoi nous choisir ?\u2713 Analyse num\u00e9rique 3D [&hellip;]<\/p>\n","protected":false},"author":1,"featured_media":0,"parent":0,"menu_order":0,"comment_status":"closed","ping_status":"closed","template":"","meta":{"_acf_changed":false,"_joinchat":[],"footnotes":""},"class_list":["post-3514","page","type-page","status-publish","hentry"],"acf":[],"_links":{"self":[{"href":"https:\/\/besthospitalturkey.com\/fr\/wp-json\/wp\/v2\/pages\/3514","targetHints":{"allow":["GET"]}}],"collection":[{"href":"https:\/\/besthospitalturkey.com\/fr\/wp-json\/wp\/v2\/pages"}],"about":[{"href":"https:\/\/besthospitalturkey.com\/fr\/wp-json\/wp\/v2\/types\/page"}],"author":[{"embeddable":true,"href":"https:\/\/besthospitalturkey.com\/fr\/wp-json\/wp\/v2\/users\/1"}],"replies":[{"embeddable":true,"href":"https:\/\/besthospitalturkey.com\/fr\/wp-json\/wp\/v2\/comments?post=3514"}],"version-history":[{"count":3,"href":"https:\/\/besthospitalturkey.com\/fr\/wp-json\/wp\/v2\/pages\/3514\/revisions"}],"predecessor-version":[{"id":3521,"href":"https:\/\/besthospitalturkey.com\/fr\/wp-json\/wp\/v2\/pages\/3514\/revisions\/3521"}],"wp:attachment":[{"href":"https:\/\/besthospitalturkey.com\/fr\/wp-json\/wp\/v2\/media?parent=3514"}],"curies":[{"name":"wp","href":"https:\/\/api.w.org\/{rel}","templated":true}]}}