{"id":3548,"date":"2022-04-27T13:36:56","date_gmt":"2022-04-27T13:36:56","guid":{"rendered":"https:\/\/besthospitalturkey.com\/sobre-nosotros\/"},"modified":"2026-04-01T10:37:00","modified_gmt":"2026-04-01T10:37:00","slug":"sobre-nosotros","status":"publish","type":"page","link":"https:\/\/besthospitalturkey.com\/es\/sobre-nosotros\/","title":{"rendered":"Sobre Nosotros"},"content":{"rendered":"<div class=\"wpb-content-wrapper\"><p>[vc_row wrap_container=\u00bbyes\u00bb content_placement=\u00bbmiddle\u00bb el_class=\u00bbm-t-sm p-t-xs mb-1&#8243;][vc_column el_class=\u00bbm-t-md mb-1 p-b-xs\u00bb offset=\u00bbvc_col-md-6&#8243;][vc_raw_html el_class=\u00bbmb-0&#8243;]PHN2ZyBoZWlnaHQ9IjAiIHdpZHRoPSIwIj48ZGVmcz48Y2xpcHBhdGggaWQ9InN2Z1BhdGgiPjxwYXRoIGQ9Ik0xNDMuMywzOTEuNUM2NC43NCwzMjAuMjktMTEuNTQsMjEyLjQzLDEuNDYsMTA5LjkxLDYuODEsNjcuNzIsMzUsMjMuMzEsNzcuNTEsMTEuNTdjNDUuOC0xMi42NSw4MS41Niw5Ljg3LDEyNy44OCwxMCw1MSwuMTEsOTkuMjMtMzQsMTUyLjQ5LTE2LjY1QzQ1OC42MSwzNy43MSw0MTIuMjEsMTcwLjE5LDM3MiwyMjhjLTEwLjYzLDE1LjMtNDQuNzYsNjMuMS00OC4yOSw0MC40NC05LjIzLTU5LjI0LTI2LjY4LTY3LjYxLTU3LjUyLTc1LjIzLTMyLjY4LTguMDctODAuMjQsOC42MS05Mi40LDM5LjI1LTI2LjQ3LDY2Ljc2LDMxLDEzNy44OSw2NC41NywxOTEuMTkuODksMS40MiwzOC44LDQ4LjcyLDMxLDUwLjg2LTIxLjEyLDUuNzctNjkuMDYtMzcuMzYtODQuNjctNDguOTVDMTcxLjE0LDQxNS41MiwxNTcuMTgsNDA0LjA4LDE0My4zLDM5MS41WiIgc3R5bGU9ImZpbGw6IzAwMCI+PC9wYXRoPjwvY2xpcHBhdGg+PC9kZWZzPjwvc3ZnPg==[\/vc_raw_html][vc_single_image image=\u00bb3547&#8243; img_size=\u00bbfull\u00bb alignment=\u00bbcenter\u00bb css=\u00bb\u00bb el_class=\u00bbimg-tooth\u00bb css_params=\u00bb\u00bb][\/vc_column][vc_column css=\u00bb.vc_custom_1651639959916{padding-top: 2px !important;}\u00bb offset=\u00bbvc_col-md-6&#8243; el_class=\u00bbpl-lg-5 pb-lg-0 pb-2&#8243;]<div class=\"porto-u-heading  wpb_custom_807868fdb97bf4e2bd12e9fa5b46f55d porto-u-ad87e2eaf3f9c495180fe0156ddf3eb0 \" data-appear-animation=\"fadeIn\" data-appear-animation-delay=\"250\"><div class=\"porto-u-main-heading\"><h2   style=\"margin-bottom: 24px;\">CENTRO INTERNACIONAL DE EST\u00c9TICA<\/h2><\/div><div class=\"porto-u-sub-heading\" style=\"margin-bottom:23px;\">\n<p style=\"text-align: justify;\">Ofrecemos servicios de rinoplastia, est\u00e9tica dental y trasplante capilar utilizando tecnolog\u00eda avanzada y sistemas de an\u00e1lisis personalizados. El proceso de tratamiento para pacientes internacionales se gestiona de principio a fin, desde la evaluaci\u00f3n inicial hasta el alojamiento y el seguimiento. Nuestro objetivo es ofrecer resultados est\u00e9ticos naturales y sostenibles en un entorno cl\u00ednico seguro.<\/p>\n<p><\/div><style>.porto-u-ad87e2eaf3f9c495180fe0156ddf3eb0.porto-u-heading{text-align:left}<\/style><\/div><div class=\"porto-animation d-inline-block align-middle\"  data-appear-animation=\"fadeIn\" data-appear-animation-delay=\"500\"><div class=\"stats-block stats-top   wpb_custom_793adb89458216b24fdf98b665514b26  vc_custom_1771592854156\"><div class=\"stats-desc\"><div id=\"counter_88747625269d4dc51d458c\" data-id=\"counter_88747625269d4dc51d458c\" class=\"stats-number\" style=\" color:#3e3e3e;\" data-speed=\"3\" data-counter-value=\"10000\" data-separator=\"none\" data-decimal=\".\">0<\/div><div class=\"counter_suffix mycust\" style=\" color:#3e3e3e\">+<\/div><div class=\"stats-text\" style=\"color:#3e3e3e;\">Experiencia del paciente internacional<\/div><\/div><\/div><\/div>[vc_custom_heading text=\u00bbAtendemos a pacientes de diferentes pa\u00edses con un alto \u00edndice de satisfacci\u00f3n.\u00bb font_container=\u00bbtag:p|font_size:14px|text_align:left\u00bb use_theme_fonts=\u00bbyes\u00bb font_weight=\u00bb400&#8243; animation_delay=\u00bb500&#8243; el_class=\u00bbd-inline-block w-max-287 align-middle m-b-lg\u00bb animation_type=\u00bbfadeIn\u00bb css_params=\u00bb\u00bb][\/vc_column][\/vc_row][vc_row wrap_container=\u00bbyes\u00bb][vc_column]<div class=\"porto-u-heading mb-3 p-b-md  wpb_custom_5f66a74b190d5ac5d1f07247c2f493eb porto-u-ad87e2eaf3f9c495180fe0156ddf3eb0 \"><div class=\"porto-u-main-heading\"><h5   style=\"color:#777777;margin-bottom: 20px;\">Confianza, Tecnolog\u00eda y Naturalidad<\/h5><\/div><div class=\"porto-u-sub-heading\" style=\"\">\n<p style=\"text-align: justify;\" data-start=\"286\" data-end=\"571\">Nuestra cl\u00ednica es un centro est\u00e9tico internacional que combina tecnolog\u00eda avanzada con un enfoque de planificaci\u00f3n personalizado en los campos de la rinoplastia, la est\u00e9tica dental y el trasplante capilar. Cada plan de tratamiento se elabora tras un an\u00e1lisis detallado de los rasgos faciales del paciente, sus expectativas y su estado de salud.<\/p>\n<p style=\"text-align: justify;\" data-start=\"573\" data-end=\"810\">Nuestra moderna infraestructura cl\u00ednica, las \u00e1reas de tratamiento est\u00e9riles y los sistemas de an\u00e1lisis digital nos permiten ofrecer un proceso seguro y controlado. Nuestro equipo internacional de coordinaci\u00f3n de pacientes gestiona meticulosamente los procesos de viaje, alojamiento y seguimiento.<\/p>\n<p style=\"text-align: justify;\" data-start=\"812\" data-end=\"986\">Nuestro objetivo no es solo una transformaci\u00f3n est\u00e9tica, sino lograr resultados naturales, equilibrados y sostenibles. La satisfacci\u00f3n y la confianza del paciente son la base de todos nuestros procesos.<\/p>\n<p><\/div><style>.porto-u-ad87e2eaf3f9c495180fe0156ddf3eb0.porto-u-heading{text-align:left}<\/style><\/div><div class=\"porto-gallery has-ccols ccols-1 has-ccols-spacing ccols-sm-2 ccols-md-3 ccols-lg-4 wpb_custom_0cd1f54877e50b1d688accb9c105d819 porto-gallery-grid align-items-start\"><figure><img loading=\"lazy\" decoding=\"async\" width=\"725\" height=\"465\" src=\"https:\/\/besthospitalturkey.com\/wp-content\/uploads\/2026\/02\/hakkimizda-1.png\" class=\"attachment-full size-full\" alt=\"Burun esteti\u011fi\" srcset=\"https:\/\/besthospitalturkey.com\/wp-content\/uploads\/2026\/02\/hakkimizda-1.png 725w, https:\/\/besthospitalturkey.com\/wp-content\/uploads\/2026\/02\/hakkimizda-1-640x410.png 640w, https:\/\/besthospitalturkey.com\/wp-content\/uploads\/2026\/02\/hakkimizda-1-400x257.png 400w\" sizes=\"auto, (max-width: 725px) 100vw, 725px\" \/><\/figure><figure><img loading=\"lazy\" decoding=\"async\" width=\"724\" height=\"450\" src=\"https:\/\/besthospitalturkey.com\/wp-content\/uploads\/2026\/02\/hakkimizda-2.png\" class=\"attachment-full size-full\" alt=\"Di\u015f esteti\u011fi\" srcset=\"https:\/\/besthospitalturkey.com\/wp-content\/uploads\/2026\/02\/hakkimizda-2.png 724w, https:\/\/besthospitalturkey.com\/wp-content\/uploads\/2026\/02\/hakkimizda-2-640x398.png 640w, https:\/\/besthospitalturkey.com\/wp-content\/uploads\/2026\/02\/hakkimizda-2-400x249.png 400w\" sizes=\"auto, (max-width: 724px) 100vw, 724px\" \/><\/figure><figure><img loading=\"lazy\" decoding=\"async\" width=\"718\" height=\"453\" src=\"https:\/\/besthospitalturkey.com\/wp-content\/uploads\/2026\/02\/hakkimizda-3.png\" class=\"attachment-full size-full\" alt=\"Burun esteti\u011fi\" srcset=\"https:\/\/besthospitalturkey.com\/wp-content\/uploads\/2026\/02\/hakkimizda-3.png 718w, https:\/\/besthospitalturkey.com\/wp-content\/uploads\/2026\/02\/hakkimizda-3-640x404.png 640w, https:\/\/besthospitalturkey.com\/wp-content\/uploads\/2026\/02\/hakkimizda-3-400x252.png 400w\" sizes=\"auto, (max-width: 718px) 100vw, 718px\" \/><\/figure><figure><img loading=\"lazy\" decoding=\"async\" width=\"721\" height=\"471\" src=\"https:\/\/besthospitalturkey.com\/wp-content\/uploads\/2026\/02\/hakkimizda-4.png\" class=\"attachment-full size-full\" alt=\"Sa\u00e7 ekimi\" srcset=\"https:\/\/besthospitalturkey.com\/wp-content\/uploads\/2026\/02\/hakkimizda-4.png 721w, https:\/\/besthospitalturkey.com\/wp-content\/uploads\/2026\/02\/hakkimizda-4-640x418.png 640w, https:\/\/besthospitalturkey.com\/wp-content\/uploads\/2026\/02\/hakkimizda-4-400x261.png 400w\" sizes=\"auto, (max-width: 721px) 100vw, 721px\" \/><\/figure><\/div>[vc_custom_heading text=\u00bb\u00bfPor qu\u00e9 nosotros?<br \/>\u2713 An\u00e1lisis digital 3D y planificaci\u00f3n personalizada<br \/>\u2713 Equipo internacional de coordinaci\u00f3n de pacientes<br \/>\u2713 Infraestructura cl\u00ednica de \u00faltima generaci\u00f3n y \u00e1reas de tratamiento est\u00e9riles<br \/>\u2713 Enfoque est\u00e9tico natural y personalizado<\/p>\n<p>Proporcionamos informaci\u00f3n transparente en cada etapa del proceso de tratamiento y evaluamos de forma realista y clara las expectativas de nuestros pacientes. Garantizamos una experiencia segura mediante una comunicaci\u00f3n continua antes, durante y despu\u00e9s del proceso.\u00bb font_container=\u00bbtag:p|text_align:left\u00bb use_theme_fonts=\u00bbyes\u00bb font_weight=\u00bb400&#8243; el_class=\u00bbm-t-md pt-3 pb-5 m-b-xlg\u00bb css=\u00bb.vc_custom_1771597543885{border-bottom-width: 1px !important;border-bottom-style: solid !important;border-color: rgba(0,0,0,0.06) !important;}\u00bb css_params=\u00bb\u00bb][vc_custom_heading text=\u00bbEL MEJOR HOSPITAL DE TURQU\u00cdA\u00bb font_container=\u00bbtag:h2|font_size:16.8px|text_align:center|color:var(&#8211;porto-primary-color)\u00bb use_theme_fonts=\u00bbyes\u00bb font_weight=\u00bb600&#8243; letter_spacing=\u00bb2.5px\u00bb animation_delay=\u00bb100&#8243; css=\u00bb.vc_custom_1771599793781{margin-bottom: 1px !important;}\u00bb el_class=\u00bbp-t-xs\u00bb animation_type=\u00bbfadeInUp\u00bb css_params=\u00bb\u00bb]<div class=\"porto-u-heading  wpb_custom_807868fdb97bf4e2bd12e9fa5b46f55d porto-u-55ca8359258f9a412be7e73af65d2aac \" data-appear-animation=\"fadeInUp\" data-appear-animation-delay=\"400\" data-appear-animation-duration=\"1500\"><div class=\"porto-u-main-heading\"><h2   style=\"margin-bottom: 24px;\">Su trayectoria en tecnolog\u00eda y tratamiento<\/h2><\/div><div class=\"porto-u-sub-heading\" style=\"margin-bottom:28px;\">\n<p style=\"text-align: justify;\">Combinamos procedimientos est\u00e9ticos modernos con tecnolog\u00eda avanzada y un proceso cuidadosamente planificado para cada paciente. Cada paso, desde la evaluaci\u00f3n inicial hasta la revisi\u00f3n final, es transparente, medible y personalizado.<\/p>\n<p><\/div><style>.porto-u-55ca8359258f9a412be7e73af65d2aac.porto-u-heading{text-align:center}<\/style><\/div>[porto_tb_posts post_type=\u00bbmember\u00bb orderby=\u00bbID\u00bb order=\u00bbASC\u00bb view=\u00bbslider\u00bb spacing=\u00bb40&#8243; columns=\u00bb3&#8243; nav_pos2=\u00bbnav-pos-outside\u00bb builder_id=\u00bb1101&#8243; el_class=\u00bbcustom-nav-style mb-2 pb-1&#8243;][\/vc_column][\/vc_row]<\/p>\n<\/div>","protected":false},"excerpt":{"rendered":"<p>[vc_row wrap_container=\u00bbyes\u00bb content_placement=\u00bbmiddle\u00bb el_class=\u00bbm-t-sm p-t-xs mb-1&#8243;][vc_column el_class=\u00bbm-t-md mb-1 p-b-xs\u00bb offset=\u00bbvc_col-md-6&#8243;][vc_raw_html el_class=\u00bbmb-0&#8243;]PHN2ZyBoZWlnaHQ9IjAiIHdpZHRoPSIwIj48ZGVmcz48Y2xpcHBhdGggaWQ9InN2Z1BhdGgiPjxwYXRoIGQ9Ik0xNDMuMywzOTEuNUM2NC43NCwzMjAuMjktMTEuNTQsMjEyLjQzLDEuNDYsMTA5LjkxLDYuODEsNjcuNzIsMzUsMjMuMzEsNzcuNTEsMTEuNTdjNDUuOC0xMi42NSw4MS41Niw5Ljg3LDEyNy44OCwxMCw1MSwuMTEsOTkuMjMtMzQsMTUyLjQ5LTE2LjY1QzQ1OC42MSwzNy43MSw0MTIuMjEsMTcwLjE5LDM3MiwyMjhjLTEwLjYzLDE1LjMtNDQuNzYsNjMuMS00OC4yOSw0MC40NC05LjIzLTU5LjI0LTI2LjY4LTY3LjYxLTU3LjUyLTc1LjIzLTMyLjY4LTguMDctODAuMjQsOC42MS05Mi40LDM5LjI1LTI2LjQ3LDY2Ljc2LDMxLDEzNy44OSw2NC41NywxOTEuMTkuODksMS40MiwzOC44LDQ4LjcyLDMxLDUwLjg2LTIxLjEyLDUuNzctNjkuMDYtMzcuMzYtODQuNjctNDguOTVDMTcxLjE0LDQxNS41MiwxNTcuMTgsNDA0LjA4LDE0My4zLDM5MS41WiIgc3R5bGU9ImZpbGw6IzAwMCI+PC9wYXRoPjwvY2xpcHBhdGg+PC9kZWZzPjwvc3ZnPg==[\/vc_raw_html][vc_single_image image=\u00bb3547&#8243; img_size=\u00bbfull\u00bb alignment=\u00bbcenter\u00bb css=\u00bb\u00bb el_class=\u00bbimg-tooth\u00bb css_params=\u00bb\u00bb][\/vc_column][vc_column css=\u00bb.vc_custom_1651639959916{padding-top: 2px !important;}\u00bb offset=\u00bbvc_col-md-6&#8243; el_class=\u00bbpl-lg-5 pb-lg-0 pb-2&#8243;][vc_custom_heading text=\u00bbAtendemos a pacientes de diferentes pa\u00edses con un alto \u00edndice de satisfacci\u00f3n.\u00bb font_container=\u00bbtag:p|font_size:14px|text_align:left\u00bb use_theme_fonts=\u00bbyes\u00bb font_weight=\u00bb400&#8243; animation_delay=\u00bb500&#8243; el_class=\u00bbd-inline-block w-max-287 align-middle m-b-lg\u00bb animation_type=\u00bbfadeIn\u00bb css_params=\u00bb\u00bb][\/vc_column][\/vc_row][vc_row wrap_container=\u00bbyes\u00bb][vc_column][vc_custom_heading text=\u00bb\u00bfPor qu\u00e9 nosotros?\u2713 An\u00e1lisis digital 3D y planificaci\u00f3n [&hellip;]<\/p>\n","protected":false},"author":1,"featured_media":0,"parent":0,"menu_order":0,"comment_status":"closed","ping_status":"closed","template":"","meta":{"_acf_changed":false,"_joinchat":[],"footnotes":""},"class_list":["post-3548","page","type-page","status-publish","hentry"],"acf":[],"_links":{"self":[{"href":"https:\/\/besthospitalturkey.com\/es\/wp-json\/wp\/v2\/pages\/3548","targetHints":{"allow":["GET"]}}],"collection":[{"href":"https:\/\/besthospitalturkey.com\/es\/wp-json\/wp\/v2\/pages"}],"about":[{"href":"https:\/\/besthospitalturkey.com\/es\/wp-json\/wp\/v2\/types\/page"}],"author":[{"embeddable":true,"href":"https:\/\/besthospitalturkey.com\/es\/wp-json\/wp\/v2\/users\/1"}],"replies":[{"embeddable":true,"href":"https:\/\/besthospitalturkey.com\/es\/wp-json\/wp\/v2\/comments?post=3548"}],"version-history":[{"count":3,"href":"https:\/\/besthospitalturkey.com\/es\/wp-json\/wp\/v2\/pages\/3548\/revisions"}],"predecessor-version":[{"id":3555,"href":"https:\/\/besthospitalturkey.com\/es\/wp-json\/wp\/v2\/pages\/3548\/revisions\/3555"}],"wp:attachment":[{"href":"https:\/\/besthospitalturkey.com\/es\/wp-json\/wp\/v2\/media?parent=3548"}],"curies":[{"name":"wp","href":"https:\/\/api.w.org\/{rel}","templated":true}]}}