{"id":3488,"date":"2022-04-27T14:25:17","date_gmt":"2022-04-27T14:25:17","guid":{"rendered":"https:\/\/besthospitalturkey.com\/kommunikation\/"},"modified":"2026-03-31T20:07:22","modified_gmt":"2026-03-31T20:07:22","slug":"kommunikation","status":"publish","type":"page","link":"https:\/\/besthospitalturkey.com\/de\/kommunikation\/","title":{"rendered":"Kommunikation"},"content":{"rendered":"<div class=\"wpb-content-wrapper\"><p>[vc_row wrap_container=&#8220;yes&#8220; el_class=&#8220;m-t-xlg p-t-lg m-b-lg&#8220;][vc_column width=&#8220;1\/2&#8243; offset=&#8220;vc_col-md-4&#8243;]<div class=\"porto-sicon-box  vc_custom_1771012452532 custom-icon-box icon-1  wpb_custom_2c45c290dc891d95e14bf32183af0a66 style_1 top-icon\" data-appear-animation=\"fadeIn\"><div class=\"porto-sicon-top\"><div class=\"porto-just-icon-wrapper porto-icon circle\" style=\"background:#ffffff;font-size:90px;margin-bottom:34px;\"><i class=\"fas fa-heart\"><\/i><\/div><\/div><div class=\"porto-sicon-header\"><h3 class=\"porto-sicon-title\" style=\"margin-bottom:16px;\">Einfacher Transport<\/h3><p>Wir bieten Flughafentransfers und Transportunterst\u00fctzung f\u00fcr internationale Patienten an. Die Anreise zu unserer Klinik wird von unserem Patientenkoordinationsteam geplant. <\/p><\/div> <!-- header --><\/div><!-- porto-sicon-box -->[\/vc_column][vc_column width=&#8220;1\/2&#8243; offset=&#8220;vc_col-md-4&#8243;]<div class=\"porto-sicon-box  vc_custom_1771012501900 custom-icon-box icon-2  wpb_custom_2c45c290dc891d95e14bf32183af0a66 style_1 top-icon\" data-appear-animation=\"fadeIn\"><div class=\"porto-sicon-top\"><div class=\"porto-just-icon-wrapper porto-icon circle\" style=\"background:#ffffff;font-size:90px;margin-bottom:34px;\"><i class=\"fas fa-heart\"><\/i><\/div><\/div><div class=\"porto-sicon-header\"><h3 class=\"porto-sicon-title\" style=\"margin-bottom:16px;\">Komplettservice<\/h3><p>Behandlungsplanung, Unterbringung, Transfers und Nachsorge werden von einem einzigen Zentrum aus gesteuert, wodurch unsere Patienten einen angenehmen Aufenthalt genie\u00dfen.<\/p><\/div> <!-- header --><\/div><!-- porto-sicon-box -->[\/vc_column][vc_column width=&#8220;1\/2&#8243; offset=&#8220;vc_col-md-4&#8243;]<div class=\"porto-sicon-box  vc_custom_1771012536694 custom-icon-box icon-3  wpb_custom_2c45c290dc891d95e14bf32183af0a66 style_1 top-icon\" data-appear-animation=\"fadeIn\"><div class=\"porto-sicon-top\"><div class=\"porto-just-icon-wrapper porto-icon circle\" style=\"background:#ffffff;font-size:90px;margin-bottom:34px;\"><i class=\"fas fa-heart\"><\/i><\/div><\/div><div class=\"porto-sicon-header\"><h3 class=\"porto-sicon-title\" style=\"margin-bottom:16px;\">Internationale Patientenerfahrung<\/h3><p>Wir bieten unseren Patienten aus verschiedenen L\u00e4ndern durch mehrsprachige Kommunikation und ein personalisiertes Behandlungsmanagement ein sicheres Behandlungsumfeld.<\/p><\/div> <!-- header --><\/div><!-- porto-sicon-box -->[\/vc_column][\/vc_row][vc_row wrap_container=&#8220;yes&#8220;][vc_column][vc_separator color=&#8220;custom&#8220; style=&#8220;solid&#8220; accent_color=&#8220;rgba(0,0,0,0.06)&#8220;][\/vc_column][\/vc_row][vc_row wrap_container=&#8220;yes&#8220; el_class=&#8220;mt-5 mb-5 pb-2&#8243;][vc_column width=&#8220;1\/2&#8243;]<div class=\"porto-sicon-box mb-2 ml-md-4 custom-info-box  wpb_custom_03d9e374d2067e9cd2380d9984ba7675 style_1 default-icon\"><div class=\"porto-sicon-default\"><div class=\"porto-just-icon-wrapper porto-icon none\" style=\"color:#00abc4;font-size:21px;margin-right:10px;\"><i class=\"porto-icon-map-location\"><\/i><\/div><\/div><div class=\"porto-sicon-header\"><h3 class=\"porto-sicon-title\" style=\"\">\u0130stanbul \/ T\u00fcrkiye<\/h3><\/div> <!-- header --><\/div><!-- porto-sicon-box --><div class=\"porto-sicon-box  vc_custom_1774965020530 mb-0 ml-md-4 custom-info-box  wpb_custom_03d9e374d2067e9cd2380d9984ba7675 style_1 default-icon\"><div class=\"porto-sicon-default\"><div class=\"porto-just-icon-wrapper porto-icon none\" style=\"color:#00abc4;font-size:21px;margin-right:14px;\"><i class=\"Simple-Line-Icons-envelope\"><\/i><\/div><\/div><div class=\"porto-sicon-header\"><a class=\"porto-sicon-box-link\" href=\"mailto:info@besthospitalturkey.com\"><h3 class=\"porto-sicon-title\" style=\"\">info@besthospitalturkey.com<\/h3><\/a><\/div> <!-- header --><\/div><!-- porto-sicon-box -->[\/vc_column][vc_column width=&#8220;1\/2&#8243;]<div class=\"porto-sicon-box mb-2 ml-md-4  wpb_custom_b4c332c3e53dd8333d7f369951d0b807 style_1 default-icon\"><div class=\"porto-sicon-default\"><div class=\"porto-just-icon-wrapper porto-icon none\" style=\"color:#00abc4;font-size:17px;margin-right:11px;\"><i class=\"porto-icon-clock-1\"><\/i><\/div><\/div><div class=\"porto-sicon-header\"><h3 class=\"porto-sicon-title\" style=\"\">Montag \u2013 Sonntag: 09:00 \u2013 18:00 Uhr<\/h3><\/div> <!-- header --><\/div><!-- porto-sicon-box --><div class=\"porto-sicon-box mb-4 pb-1 ml-md-4  wpb_custom_b4c332c3e53dd8333d7f369951d0b807 style_1 default-icon\"><div class=\"porto-sicon-default\"><div class=\"porto-just-icon-wrapper porto-icon none\" style=\"color:#00abc4;font-size:17px;margin-right:14px;\"><i class=\"Simple-Line-Icons-phone\"><\/i><\/div><\/div><div class=\"porto-sicon-header\"><a class=\"porto-sicon-box-link\" href=\"tel:123-456-7890\"><h3 class=\"porto-sicon-title\" style=\"\">+90 545 322 59 58<\/h3><\/a><\/div> <!-- header --><\/div><!-- porto-sicon-box -->[\/vc_column][\/vc_row][vc_row wrap_container=&#8220;yes&#8220; css=&#8220;.vc_custom_1651598046315{background-color: #f5f6fb !important;}&#8220; el_class=&#8220;p-t-xxl p-b-xxl&#8220;][vc_column el_class=&#8220;m-t-md pt-3&#8243; css=&#8220;.vc_custom_1651598058604{margin-bottom: 7px !important;}&#8220;][vc_custom_heading text=&#8220;ONLINE-VORVEREINBARUNG&#8220; font_container=&#8220;tag:h2|font_size:16.8px|text_align:center|color:var(&#8211;porto-primary-color)&#8220; use_theme_fonts=&#8220;yes&#8220; font_weight=&#8220;600&#8243; letter_spacing=&#8220;2.5px&#8220; animation_delay=&#8220;100&#8243; css=&#8220;.vc_custom_1771012740887{margin-bottom: 1px !important;}&#8220; animation_type=&#8220;fadeInUp&#8220; css_params=&#8220;&#8220;]<div class=\"porto-u-heading  wpb_custom_807868fdb97bf4e2bd12e9fa5b46f55d porto-u-55ca8359258f9a412be7e73af65d2aac \" data-appear-animation=\"fadeInUp\" data-appear-animation-delay=\"400\" data-appear-animation-duration=\"1500\"><div class=\"porto-u-main-heading\"><h2   style=\"margin-bottom: 24px;\">Fordern Sie eine kostenlose Vorab-Bewertung an<\/h2><\/div><div class=\"porto-u-sub-heading\" style=\"margin-bottom:28px;\">\n<p style=\"text-align: justify;\">Bei Nasenkorrekturen, \u00e4sthetischen Zahnbehandlungen und Haartransplantationen erfolgt zun\u00e4chst eine Voruntersuchung anhand Ihrer Fotos und einiger kurzer Angaben. Unser Expertenteam wird Ihnen anschlie\u00dfend schnellstm\u00f6glich den optimalen Behandlungsplan und die Details des Ablaufs erl\u00e4utern. <\/p>\n<p><\/div><style>.porto-u-55ca8359258f9a412be7e73af65d2aac.porto-u-heading{text-align:center}<\/style><\/div><div class=\"wpb_custom_3f3cda96f09690948afa83625fa6befc custom-home-contact\" data-appear-animation=\"fadeInUp\" data-appear-animation-delay=\"500\">\n<div class=\"wpcf7 no-js\" id=\"wpcf7-f1308-o1\" lang=\"tr-TR\" dir=\"ltr\" data-wpcf7-id=\"1308\">\n<div class=\"screen-reader-response\"><p role=\"status\" aria-live=\"polite\" aria-atomic=\"true\"><\/p> <ul><\/ul><\/div>\n<form action=\"\/de\/wp-json\/wp\/v2\/pages\/3488#wpcf7-f1308-o1\" method=\"post\" class=\"wpcf7-form init\" aria-label=\"\u0130leti\u015fim Formu\" novalidate=\"novalidate\" data-status=\"init\">\n<fieldset class=\"hidden-fields-container\"><input type=\"hidden\" name=\"_wpcf7\" value=\"1308\" \/><input type=\"hidden\" name=\"_wpcf7_version\" value=\"6.1.5\" \/><input type=\"hidden\" name=\"_wpcf7_locale\" value=\"tr_TR\" \/><input type=\"hidden\" name=\"_wpcf7_unit_tag\" value=\"wpcf7-f1308-o1\" \/><input type=\"hidden\" name=\"_wpcf7_container_post\" value=\"0\" \/><input type=\"hidden\" name=\"_wpcf7_posted_data_hash\" value=\"\" \/>\n<\/fieldset>\n<div class=\"form-row row\">\n<div class=\"form-group col-lg-6 mb-4\"><span class=\"wpcf7-form-control-wrap\" data-name=\"username\"><input size=\"40\" maxlength=\"400\" class=\"wpcf7-form-control wpcf7-text wpcf7-validates-as-required form-control\" aria-required=\"true\" aria-invalid=\"false\" placeholder=\"Ad\u0131 Soyad\u0131\" value=\"\" type=\"text\" name=\"username\" \/><\/span><\/div>\n<div class=\"form-group col-lg-6 mb-4\"><span class=\"wpcf7-form-control-wrap\" data-name=\"phonenumber\"><input size=\"40\" maxlength=\"400\" class=\"wpcf7-form-control wpcf7-text wpcf7-validates-as-required form-control\" aria-required=\"true\" aria-invalid=\"false\" placeholder=\"Telefon\" value=\"\" type=\"text\" name=\"phonenumber\" \/><\/span><\/div>\n<\/div>\n<div class=\"form-row\">\n<div class=\"form-group col-lg-6 mb-4\"><span class=\"wpcf7-form-control-wrap\" data-name=\"your-email\"><input size=\"40\" maxlength=\"400\" class=\"wpcf7-form-control wpcf7-email wpcf7-validates-as-required wpcf7-text wpcf7-validates-as-email form-control\" aria-required=\"true\" aria-invalid=\"false\" placeholder=\"E-posta Adresi\" value=\"\" type=\"email\" name=\"your-email\" \/><\/span><\/div>\n<div class=\"form-group col-lg-6 mb-4\"><span class=\"wpcf7-form-control-wrap\" data-name=\"subject\"><input size=\"40\" maxlength=\"400\" class=\"wpcf7-form-control wpcf7-text wpcf7-validates-as-required form-control\" aria-required=\"true\" aria-invalid=\"false\" placeholder=\"Talep Edilen Hizmet\" value=\"\" type=\"text\" name=\"subject\" \/><\/span><\/div>\n<\/div>\n<div class=\"form-row\">\n<div class=\"form-group col mb-4\"><span class=\"wpcf7-form-control-wrap\" data-name=\"message\"><textarea cols=\"40\" rows=\"10\" maxlength=\"2000\" class=\"wpcf7-form-control wpcf7-textarea wpcf7-validates-as-required form-control\" aria-required=\"true\" aria-invalid=\"false\" placeholder=\"Mesaj\" name=\"message\"><\/textarea><\/span><\/div>\n<\/div>\n<div class=\"form-row text-right\">\n<div class=\"form-group col mb-0\"><input class=\"wpcf7-form-control wpcf7-submit has-spinner btn btn-secondary font-weight-semibold font-size-lg\" type=\"submit\" value=\"G\u00f6nder\" \/><\/div>\n<\/div><div class=\"wpcf7-response-output\" aria-hidden=\"true\"><\/div>\n<\/form>\n<\/div>\n<\/div>[\/vc_column][\/vc_row]<\/p>\n<\/div>","protected":false},"excerpt":{"rendered":"<p>[vc_row wrap_container=&#8220;yes&#8220; el_class=&#8220;m-t-xlg p-t-lg m-b-lg&#8220;][vc_column width=&#8220;1\/2&#8243; offset=&#8220;vc_col-md-4&#8243;][\/vc_column][vc_column width=&#8220;1\/2&#8243; offset=&#8220;vc_col-md-4&#8243;][\/vc_column][vc_column width=&#8220;1\/2&#8243; offset=&#8220;vc_col-md-4&#8243;][\/vc_column][\/vc_row][vc_row wrap_container=&#8220;yes&#8220;][vc_column][vc_separator color=&#8220;custom&#8220; style=&#8220;solid&#8220; accent_color=&#8220;rgba(0,0,0,0.06)&#8220;][\/vc_column][\/vc_row][vc_row wrap_container=&#8220;yes&#8220; el_class=&#8220;mt-5 mb-5 pb-2&#8243;][vc_column width=&#8220;1\/2&#8243;][\/vc_column][vc_column width=&#8220;1\/2&#8243;][\/vc_column][\/vc_row][vc_row wrap_container=&#8220;yes&#8220; css=&#8220;.vc_custom_1651598046315{background-color: #f5f6fb !important;}&#8220; el_class=&#8220;p-t-xxl p-b-xxl&#8220;][vc_column el_class=&#8220;m-t-md pt-3&#8243; css=&#8220;.vc_custom_1651598058604{margin-bottom: 7px !important;}&#8220;][vc_custom_heading text=&#8220;ONLINE-VORVEREINBARUNG&#8220; font_container=&#8220;tag:h2|font_size:16.8px|text_align:center|color:var(&#8211;porto-primary-color)&#8220; use_theme_fonts=&#8220;yes&#8220; font_weight=&#8220;600&#8243; letter_spacing=&#8220;2.5px&#8220; animation_delay=&#8220;100&#8243; css=&#8220;.vc_custom_1771012740887{margin-bottom: 1px !important;}&#8220; animation_type=&#8220;fadeInUp&#8220; css_params=&#8220;&#8220;][\/vc_column][\/vc_row]<\/p>\n","protected":false},"author":1,"featured_media":0,"parent":0,"menu_order":0,"comment_status":"closed","ping_status":"closed","template":"","meta":{"_acf_changed":false,"_joinchat":[],"footnotes":""},"class_list":["post-3488","page","type-page","status-publish","hentry"],"acf":[],"_links":{"self":[{"href":"https:\/\/besthospitalturkey.com\/de\/wp-json\/wp\/v2\/pages\/3488","targetHints":{"allow":["GET"]}}],"collection":[{"href":"https:\/\/besthospitalturkey.com\/de\/wp-json\/wp\/v2\/pages"}],"about":[{"href":"https:\/\/besthospitalturkey.com\/de\/wp-json\/wp\/v2\/types\/page"}],"author":[{"embeddable":true,"href":"https:\/\/besthospitalturkey.com\/de\/wp-json\/wp\/v2\/users\/1"}],"replies":[{"embeddable":true,"href":"https:\/\/besthospitalturkey.com\/de\/wp-json\/wp\/v2\/comments?post=3488"}],"version-history":[{"count":2,"href":"https:\/\/besthospitalturkey.com\/de\/wp-json\/wp\/v2\/pages\/3488\/revisions"}],"predecessor-version":[{"id":3490,"href":"https:\/\/besthospitalturkey.com\/de\/wp-json\/wp\/v2\/pages\/3488\/revisions\/3490"}],"wp:attachment":[{"href":"https:\/\/besthospitalturkey.com\/de\/wp-json\/wp\/v2\/media?parent=3488"}],"curies":[{"name":"wp","href":"https:\/\/api.w.org\/{rel}","templated":true}]}}