{"id":3480,"date":"2022-04-27T13:36:56","date_gmt":"2022-04-27T13:36:56","guid":{"rendered":"https:\/\/besthospitalturkey.com\/ueber-uns\/"},"modified":"2026-03-31T20:05:02","modified_gmt":"2026-03-31T20:05:02","slug":"ueber-uns","status":"publish","type":"page","link":"https:\/\/besthospitalturkey.com\/de\/ueber-uns\/","title":{"rendered":"\u00dcber Uns"},"content":{"rendered":"<div class=\"wpb-content-wrapper\"><p>[vc_row wrap_container=&#8220;yes&#8220; content_placement=&#8220;middle&#8220; el_class=&#8220;m-t-sm p-t-xs mb-1&#8243;][vc_column el_class=&#8220;m-t-md mb-1 p-b-xs&#8220; offset=&#8220;vc_col-md-6&#8243;][vc_raw_html el_class=&#8220;mb-0&#8243;]PHN2ZyBoZWlnaHQ9IjAiIHdpZHRoPSIwIj48ZGVmcz48Y2xpcHBhdGggaWQ9InN2Z1BhdGgiPjxwYXRoIGQ9Ik0xNDMuMywzOTEuNUM2NC43NCwzMjAuMjktMTEuNTQsMjEyLjQzLDEuNDYsMTA5LjkxLDYuODEsNjcuNzIsMzUsMjMuMzEsNzcuNTEsMTEuNTdjNDUuOC0xMi42NSw4MS41Niw5Ljg3LDEyNy44OCwxMCw1MSwuMTEsOTkuMjMtMzQsMTUyLjQ5LTE2LjY1QzQ1OC42MSwzNy43MSw0MTIuMjEsMTcwLjE5LDM3MiwyMjhjLTEwLjYzLDE1LjMtNDQuNzYsNjMuMS00OC4yOSw0MC40NC05LjIzLTU5LjI0LTI2LjY4LTY3LjYxLTU3LjUyLTc1LjIzLTMyLjY4LTguMDctODAuMjQsOC42MS05Mi40LDM5LjI1LTI2LjQ3LDY2Ljc2LDMxLDEzNy44OSw2NC41NywxOTEuMTkuODksMS40MiwzOC44LDQ4LjcyLDMxLDUwLjg2LTIxLjEyLDUuNzctNjkuMDYtMzcuMzYtODQuNjctNDguOTVDMTcxLjE0LDQxNS41MiwxNTcuMTgsNDA0LjA4LDE0My4zLDM5MS41WiIgc3R5bGU9ImZpbGw6IzAwMCI+PC9wYXRoPjwvY2xpcHBhdGg+PC9kZWZzPjwvc3ZnPg==[\/vc_raw_html][vc_single_image image=&#8220;3479&#8243; img_size=&#8220;full&#8220; alignment=&#8220;center&#8220; css=&#8220;&#8220; el_class=&#8220;img-tooth&#8220; css_params=&#8220;&#8220;][\/vc_column][vc_column css=&#8220;.vc_custom_1651639959916{padding-top: 2px !important;}&#8220; offset=&#8220;vc_col-md-6&#8243; el_class=&#8220;pl-lg-5 pb-lg-0 pb-2&#8243;]<div class=\"porto-u-heading  wpb_custom_807868fdb97bf4e2bd12e9fa5b46f55d porto-u-ad87e2eaf3f9c495180fe0156ddf3eb0 \" data-appear-animation=\"fadeIn\" data-appear-animation-delay=\"250\"><div class=\"porto-u-main-heading\"><h2   style=\"margin-bottom: 24px;\">INTERNATIONALES \u00c4STHETISCHES ZENTRUM<\/h2><\/div><div class=\"porto-u-sub-heading\" style=\"margin-bottom:23px;\">\n<p style=\"text-align: justify;\">Wir bieten Dienstleistungen in den Bereichen Nasenkorrektur, \u00e4sthetische Zahnheilkunde und Haartransplantation unter Einsatz fortschrittlicher Technologien und personalisierter Analysesysteme an. Der Behandlungsprozess f\u00fcr internationale Patienten wird von Anfang bis Ende betreut, von der ersten Beurteilung \u00fcber die Unterbringung bis hin zur Nachsorge. Unser Ziel ist es, nat\u00fcrliche und nachhaltige \u00e4sthetische Ergebnisse in einem sicheren klinischen Umfeld zu erzielen.<\/p>\n<p><\/div><style>.porto-u-ad87e2eaf3f9c495180fe0156ddf3eb0.porto-u-heading{text-align:left}<\/style><\/div><div class=\"porto-animation d-inline-block align-middle\"  data-appear-animation=\"fadeIn\" data-appear-animation-delay=\"500\"><div class=\"stats-block stats-top   wpb_custom_793adb89458216b24fdf98b665514b26  vc_custom_1771592854156\"><div class=\"stats-desc\"><div id=\"counter_52757711169d4d2427b875\" data-id=\"counter_52757711169d4d2427b875\" class=\"stats-number\" style=\" color:#3e3e3e;\" data-speed=\"3\" data-counter-value=\"10000\" data-separator=\"none\" data-decimal=\".\">0<\/div><div class=\"counter_suffix mycust\" style=\" color:#3e3e3e\">+<\/div><div class=\"stats-text\" style=\"color:#3e3e3e;\">Internationale Patientenerfahrung<\/div><\/div><\/div><\/div>[vc_custom_heading text=&#8220;Wir betreuen Patienten aus verschiedenen L\u00e4ndern und verzeichnen eine hohe Zufriedenheitsrate.&#8220; font_container=&#8220;tag:p|font_size:14px|text_align:left&#8220; use_theme_fonts=&#8220;yes&#8220; font_weight=&#8220;400&#8243; animation_delay=&#8220;500&#8243; el_class=&#8220;d-inline-block w-max-287 align-middle m-b-lg&#8220; animation_type=&#8220;fadeIn&#8220; css_params=&#8220;&#8220;][\/vc_column][\/vc_row][vc_row wrap_container=&#8220;yes&#8220;][vc_column]<div class=\"porto-u-heading mb-3 p-b-md  wpb_custom_5f66a74b190d5ac5d1f07247c2f493eb porto-u-ad87e2eaf3f9c495180fe0156ddf3eb0 \"><div class=\"porto-u-main-heading\"><h5   style=\"color:#777777;margin-bottom: 20px;\">Vertrauen, Technologie und Nat\u00fcrlichkeit<\/h5><\/div><div class=\"porto-u-sub-heading\" style=\"\">\n<p style=\"text-align: justify;\" data-start=\"286\" data-end=\"571\">Unsere Klinik ist ein internationales \u00e4sthetisches Zentrum, das fortschrittliche Technologie mit einem personalisierten Planungsansatz in den Bereichen Nasenkorrektur, \u00e4sthetische Zahnheilkunde und Haartransplantation verbindet. Jeder Behandlungsplan wird nach einer detaillierten Analyse der Gesichtsz\u00fcge, Erwartungen und des Gesundheitszustands des Patienten erstellt.<\/p>\n<p style=\"text-align: justify;\" data-start=\"573\" data-end=\"810\">Unsere moderne klinische Infrastruktur, sterile Behandlungsbereiche und digitale Analysesysteme erm\u00f6glichen es uns, einen sicheren und kontrollierten Prozess anzubieten. Unser internationales Patientenkoordinierungsteam k\u00fcmmert sich sorgf\u00e4ltig um Reise, Unterkunft und Nachsorge.<\/p>\n<p style=\"text-align: justify;\" data-start=\"812\" data-end=\"986\">Unser Ziel ist nicht nur eine \u00e4sthetische Transformation, sondern die Erzielung nat\u00fcrlicher, ausgewogener und nachhaltiger Ergebnisse. Patientenzufriedenheit und Vertrauen stehen im Mittelpunkt all unserer Prozesse.<\/p>\n<p><\/div><style>.porto-u-ad87e2eaf3f9c495180fe0156ddf3eb0.porto-u-heading{text-align:left}<\/style><\/div><div class=\"porto-gallery has-ccols ccols-1 has-ccols-spacing ccols-sm-2 ccols-md-3 ccols-lg-4 wpb_custom_0cd1f54877e50b1d688accb9c105d819 porto-gallery-grid align-items-start\"><figure><img loading=\"lazy\" decoding=\"async\" width=\"725\" height=\"465\" src=\"https:\/\/besthospitalturkey.com\/wp-content\/uploads\/2026\/02\/hakkimizda-1.png\" class=\"attachment-full size-full\" alt=\"Burun esteti\u011fi\" srcset=\"https:\/\/besthospitalturkey.com\/wp-content\/uploads\/2026\/02\/hakkimizda-1.png 725w, https:\/\/besthospitalturkey.com\/wp-content\/uploads\/2026\/02\/hakkimizda-1-640x410.png 640w, https:\/\/besthospitalturkey.com\/wp-content\/uploads\/2026\/02\/hakkimizda-1-400x257.png 400w\" sizes=\"auto, (max-width: 725px) 100vw, 725px\" \/><\/figure><figure><img loading=\"lazy\" decoding=\"async\" width=\"724\" height=\"450\" src=\"https:\/\/besthospitalturkey.com\/wp-content\/uploads\/2026\/02\/hakkimizda-2.png\" class=\"attachment-full size-full\" alt=\"Di\u015f esteti\u011fi\" srcset=\"https:\/\/besthospitalturkey.com\/wp-content\/uploads\/2026\/02\/hakkimizda-2.png 724w, https:\/\/besthospitalturkey.com\/wp-content\/uploads\/2026\/02\/hakkimizda-2-640x398.png 640w, https:\/\/besthospitalturkey.com\/wp-content\/uploads\/2026\/02\/hakkimizda-2-400x249.png 400w\" sizes=\"auto, (max-width: 724px) 100vw, 724px\" \/><\/figure><figure><img loading=\"lazy\" decoding=\"async\" width=\"718\" height=\"453\" src=\"https:\/\/besthospitalturkey.com\/wp-content\/uploads\/2026\/02\/hakkimizda-3.png\" class=\"attachment-full size-full\" alt=\"Burun esteti\u011fi\" srcset=\"https:\/\/besthospitalturkey.com\/wp-content\/uploads\/2026\/02\/hakkimizda-3.png 718w, https:\/\/besthospitalturkey.com\/wp-content\/uploads\/2026\/02\/hakkimizda-3-640x404.png 640w, https:\/\/besthospitalturkey.com\/wp-content\/uploads\/2026\/02\/hakkimizda-3-400x252.png 400w\" sizes=\"auto, (max-width: 718px) 100vw, 718px\" \/><\/figure><figure><img loading=\"lazy\" decoding=\"async\" width=\"721\" height=\"471\" src=\"https:\/\/besthospitalturkey.com\/wp-content\/uploads\/2026\/02\/hakkimizda-4.png\" class=\"attachment-full size-full\" alt=\"Sa\u00e7 ekimi\" srcset=\"https:\/\/besthospitalturkey.com\/wp-content\/uploads\/2026\/02\/hakkimizda-4.png 721w, https:\/\/besthospitalturkey.com\/wp-content\/uploads\/2026\/02\/hakkimizda-4-640x418.png 640w, https:\/\/besthospitalturkey.com\/wp-content\/uploads\/2026\/02\/hakkimizda-4-400x261.png 400w\" sizes=\"auto, (max-width: 721px) 100vw, 721px\" \/><\/figure><\/div>[vc_custom_heading text=&#8220;Warum wir?<br \/>\u2713 Digitale 3D-Analyse und personalisierte Planung<br \/>\u2713 Internationales Patientenbetreuungsteam<br \/>\u2713 Klinikinfrastruktur der neuesten Generation und sterile Behandlungsbereiche<br \/>\u2713 Nat\u00fcrlicher und individueller \u00e4sthetischer Ansatz<\/p>\n<p>Wir bieten in jeder Phase des Behandlungsprozesses transparente Informationen und sch\u00e4tzen die Erwartungen unserer Patienten realistisch und klar ein. Wir gew\u00e4hrleisten ein sicheres Erlebnis durch kontinuierliche Kommunikation vor, w\u00e4hrend und nach dem Prozess.&#8220; font_container=&#8220;tag:p|text_align:left&#8220; use_theme_fonts=&#8220;yes&#8220; font_weight=&#8220;400&#8243; el_class=&#8220;m-t-md pt-3 pb-5 m-b-xlg&#8220; css=&#8220;.vc_custom_1771597543885{border-bottom-width: 1px !important;border-bottom-style: solid !important;border-color: rgba(0,0,0,0.06) !important;}&#8220; css_params=&#8220;&#8220;][vc_custom_heading text=&#8220;BESTES KRANKENHAUS IN DER T\u00dcRKEI&#8220; font_container=&#8220;tag:h2|font_size:16.8px|text_align:center|color:var(&#8211;porto-primary-color)&#8220; use_theme_fonts=&#8220;yes&#8220; font_weight=&#8220;600&#8243; letter_spacing=&#8220;2.5px&#8220; animation_delay=&#8220;100&#8243; css=&#8220;.vc_custom_1771599793781{margin-bottom: 1px !important;}&#8220; el_class=&#8220;p-t-xs&#8220; animation_type=&#8220;fadeInUp&#8220; css_params=&#8220;&#8220;]<div class=\"porto-u-heading  wpb_custom_807868fdb97bf4e2bd12e9fa5b46f55d porto-u-55ca8359258f9a412be7e73af65d2aac \" data-appear-animation=\"fadeInUp\" data-appear-animation-delay=\"400\" data-appear-animation-duration=\"1500\"><div class=\"porto-u-main-heading\"><h2   style=\"margin-bottom: 24px;\">Ihr Weg zu Technologie und Behandlung<\/h2><\/div><div class=\"porto-u-sub-heading\" style=\"margin-bottom:28px;\">\n<p style=\"text-align: justify;\">Wir kombinieren moderne \u00e4sthetische Verfahren mit fortschrittlicher Technologie und einem sorgf\u00e4ltig geplanten Patientenablauf. Jeder Schritt, von der ersten Beurteilung bis zur abschlie\u00dfenden Untersuchung, ist transparent, messbar und individuell.<\/p>\n<p><\/div><style>.porto-u-55ca8359258f9a412be7e73af65d2aac.porto-u-heading{text-align:center}<\/style><\/div>[porto_tb_posts post_type=&#8220;member&#8220; orderby=&#8220;ID&#8220; order=&#8220;ASC&#8220; view=&#8220;slider&#8220; spacing=&#8220;40&#8243; columns=&#8220;3&#8243; nav_pos2=&#8220;nav-pos-outside&#8220; builder_id=&#8220;1101&#8243; el_class=&#8220;custom-nav-style mb-2 pb-1&#8243;][\/vc_column][\/vc_row]<\/p>\n<\/div>","protected":false},"excerpt":{"rendered":"<p>[vc_row wrap_container=&#8220;yes&#8220; content_placement=&#8220;middle&#8220; el_class=&#8220;m-t-sm p-t-xs mb-1&#8243;][vc_column el_class=&#8220;m-t-md mb-1 p-b-xs&#8220; offset=&#8220;vc_col-md-6&#8243;][vc_raw_html el_class=&#8220;mb-0&#8243;]PHN2ZyBoZWlnaHQ9IjAiIHdpZHRoPSIwIj48ZGVmcz48Y2xpcHBhdGggaWQ9InN2Z1BhdGgiPjxwYXRoIGQ9Ik0xNDMuMywzOTEuNUM2NC43NCwzMjAuMjktMTEuNTQsMjEyLjQzLDEuNDYsMTA5LjkxLDYuODEsNjcuNzIsMzUsMjMuMzEsNzcuNTEsMTEuNTdjNDUuOC0xMi42NSw4MS41Niw5Ljg3LDEyNy44OCwxMCw1MSwuMTEsOTkuMjMtMzQsMTUyLjQ5LTE2LjY1QzQ1OC42MSwzNy43MSw0MTIuMjEsMTcwLjE5LDM3MiwyMjhjLTEwLjYzLDE1LjMtNDQuNzYsNjMuMS00OC4yOSw0MC40NC05LjIzLTU5LjI0LTI2LjY4LTY3LjYxLTU3LjUyLTc1LjIzLTMyLjY4LTguMDctODAuMjQsOC42MS05Mi40LDM5LjI1LTI2LjQ3LDY2Ljc2LDMxLDEzNy44OSw2NC41NywxOTEuMTkuODksMS40MiwzOC44LDQ4LjcyLDMxLDUwLjg2LTIxLjEyLDUuNzctNjkuMDYtMzcuMzYtODQuNjctNDguOTVDMTcxLjE0LDQxNS41MiwxNTcuMTgsNDA0LjA4LDE0My4zLDM5MS41WiIgc3R5bGU9ImZpbGw6IzAwMCI+PC9wYXRoPjwvY2xpcHBhdGg+PC9kZWZzPjwvc3ZnPg==[\/vc_raw_html][vc_single_image image=&#8220;3479&#8243; img_size=&#8220;full&#8220; alignment=&#8220;center&#8220; css=&#8220;&#8220; el_class=&#8220;img-tooth&#8220; css_params=&#8220;&#8220;][\/vc_column][vc_column css=&#8220;.vc_custom_1651639959916{padding-top: 2px !important;}&#8220; offset=&#8220;vc_col-md-6&#8243; el_class=&#8220;pl-lg-5 pb-lg-0 pb-2&#8243;][vc_custom_heading text=&#8220;Wir betreuen Patienten aus verschiedenen L\u00e4ndern und verzeichnen eine hohe Zufriedenheitsrate.&#8220; font_container=&#8220;tag:p|font_size:14px|text_align:left&#8220; use_theme_fonts=&#8220;yes&#8220; font_weight=&#8220;400&#8243; animation_delay=&#8220;500&#8243; el_class=&#8220;d-inline-block w-max-287 align-middle m-b-lg&#8220; animation_type=&#8220;fadeIn&#8220; css_params=&#8220;&#8220;][\/vc_column][\/vc_row][vc_row wrap_container=&#8220;yes&#8220;][vc_column][vc_custom_heading text=&#8220;Warum wir?\u2713 Digitale 3D-Analyse und personalisierte Planung\u2713 Internationales Patientenbetreuungsteam\u2713 [&hellip;]<\/p>\n","protected":false},"author":1,"featured_media":0,"parent":0,"menu_order":0,"comment_status":"closed","ping_status":"closed","template":"","meta":{"_acf_changed":false,"_joinchat":[],"footnotes":""},"class_list":["post-3480","page","type-page","status-publish","hentry"],"acf":[],"_links":{"self":[{"href":"https:\/\/besthospitalturkey.com\/de\/wp-json\/wp\/v2\/pages\/3480","targetHints":{"allow":["GET"]}}],"collection":[{"href":"https:\/\/besthospitalturkey.com\/de\/wp-json\/wp\/v2\/pages"}],"about":[{"href":"https:\/\/besthospitalturkey.com\/de\/wp-json\/wp\/v2\/types\/page"}],"author":[{"embeddable":true,"href":"https:\/\/besthospitalturkey.com\/de\/wp-json\/wp\/v2\/users\/1"}],"replies":[{"embeddable":true,"href":"https:\/\/besthospitalturkey.com\/de\/wp-json\/wp\/v2\/comments?post=3480"}],"version-history":[{"count":3,"href":"https:\/\/besthospitalturkey.com\/de\/wp-json\/wp\/v2\/pages\/3480\/revisions"}],"predecessor-version":[{"id":3487,"href":"https:\/\/besthospitalturkey.com\/de\/wp-json\/wp\/v2\/pages\/3480\/revisions\/3487"}],"wp:attachment":[{"href":"https:\/\/besthospitalturkey.com\/de\/wp-json\/wp\/v2\/media?parent=3480"}],"curies":[{"name":"wp","href":"https:\/\/api.w.org\/{rel}","templated":true}]}}